{"id":20,"date":"2018-10-08T11:34:42","date_gmt":"2018-10-08T11:34:42","guid":{"rendered":"https:\/\/freeflix.pl\/portal\/?page_id=20"},"modified":"2025-12-22T23:13:35","modified_gmt":"2025-12-22T22:13:35","slug":"o-serwisie","status":"publish","type":"page","link":"https:\/\/freeflix.pl\/portal\/o-serwisie\/","title":{"rendered":"O serwisie"},"content":{"rendered":"\t\t<div data-elementor-type=\"wp-post\" data-elementor-id=\"20\" class=\"elementor elementor-20\">\n\t\t\t\t\t\t<section class=\"elementor-section elementor-top-section elementor-element elementor-element-514b933 elementor-section-stretched elementor-section-height-full elementor-section-boxed elementor-section-height-default elementor-section-items-middle\" data-id=\"514b933\" data-element_type=\"section\" data-settings=\"{&quot;stretch_section&quot;:&quot;section-stretched&quot;,&quot;background_background&quot;:&quot;classic&quot;}\">\n\t\t\t\t\t\t\t<div class=\"elementor-background-overlay\"><\/div>\n\t\t\t\t\t\t\t<div class=\"elementor-container elementor-column-gap-default\">\n\t\t\t\t\t<div class=\"elementor-column elementor-col-100 elementor-top-column elementor-element elementor-element-57734dc8\" data-id=\"57734dc8\" data-element_type=\"column\">\n\t\t\t<div class=\"elementor-widget-wrap elementor-element-populated\">\n\t\t\t\t\t\t<div class=\"elementor-element elementor-element-f96a96e elementor-widget elementor-widget-spacer\" data-id=\"f96a96e\" data-element_type=\"widget\" data-widget_type=\"spacer.default\">\n\t\t\t\t\t\t\t<div class=\"elementor-spacer\">\n\t\t\t<div class=\"elementor-spacer-inner\"><\/div>\n\t\t<\/div>\n\t\t\t\t\t\t<\/div>\n\t\t\t\t<div class=\"elementor-element elementor-element-4c7114fb elementor-widget elementor-widget-heading\" data-id=\"4c7114fb\" data-element_type=\"widget\" data-widget_type=\"heading.default\">\n\t\t\t\t\t<h2 class=\"elementor-heading-title elementor-size-default\">freeflix.pl<\/h2>\t\t\t\t<\/div>\n\t\t\t\t<section class=\"elementor-section elementor-inner-section elementor-element elementor-element-2870dbd4 elementor-section-boxed elementor-section-height-default elementor-section-height-default\" data-id=\"2870dbd4\" data-element_type=\"section\">\n\t\t\t\t\t\t<div class=\"elementor-container elementor-column-gap-default\">\n\t\t\t\t\t<div class=\"elementor-column elementor-col-100 elementor-inner-column elementor-element elementor-element-6bef3bef\" data-id=\"6bef3bef\" data-element_type=\"column\">\n\t\t\t<div class=\"elementor-widget-wrap elementor-element-populated\">\n\t\t\t\t\t\t<div class=\"elementor-element elementor-element-698166be elementor-widget elementor-widget-text-editor\" data-id=\"698166be\" data-element_type=\"widget\" data-widget_type=\"text-editor.default\">\n\t\t\t\t\t\t\t\t\t<p>Ogl\u0105daj tysi\u0105ce film\u00f3w z legalnych \u017ar\u00f3de\u0142 w jednym miejscu. FreeFlix to obszerna baza darmowych produkcji, kt\u00f3re zbieramy dla Twojej wygody. \u017badnych op\u0142at, tylko czysta przyjemno\u015b\u0107 ogl\u0105dania.<\/p>\t\t\t\t\t\t\t\t<\/div>\n\t\t\t\t\t<\/div>\n\t\t<\/div>\n\t\t\t\t\t<\/div>\n\t\t<\/section>\n\t\t\t\t<div class=\"elementor-element elementor-element-5deda139 elementor-widget elementor-widget-spacer\" data-id=\"5deda139\" data-element_type=\"widget\" data-widget_type=\"spacer.default\">\n\t\t\t\t\t\t\t<div class=\"elementor-spacer\">\n\t\t\t<div class=\"elementor-spacer-inner\"><\/div>\n\t\t<\/div>\n\t\t\t\t\t\t<\/div>\n\t\t\t\t\t<\/div>\n\t\t<\/div>\n\t\t\t\t\t<\/div>\n\t\t<\/section>\n\t\t\t\t<section class=\"elementor-section elementor-top-section elementor-element elementor-element-6257b3c8 elementor-section-boxed elementor-section-height-default elementor-section-height-default\" data-id=\"6257b3c8\" data-element_type=\"section\" data-settings=\"{&quot;background_background&quot;:&quot;classic&quot;}\">\n\t\t\t\t\t\t<div class=\"elementor-container elementor-column-gap-default\">\n\t\t\t\t\t<div class=\"elementor-column elementor-col-100 elementor-top-column elementor-element elementor-element-73c37147\" data-id=\"73c37147\" data-element_type=\"column\">\n\t\t\t<div class=\"elementor-widget-wrap elementor-element-populated\">\n\t\t\t\t\t\t<div class=\"elementor-element elementor-element-2a8a1f46 elementor-view-default elementor-widget elementor-widget-icon\" data-id=\"2a8a1f46\" data-element_type=\"widget\" data-widget_type=\"icon.default\">\n\t\t\t\t\t\t\t<div class=\"elementor-icon-wrapper\">\n\t\t\t<div class=\"elementor-icon\">\n\t\t\t\t\t\t\t<i class=\"fa fa-long-arrow-down\" aria-hidden=\"true\"><\/i>\n\t\t\t\t\t\t<\/div>\n\t\t<\/div>\n\t\t\t\t\t\t<\/div>\n\t\t\t\t<div class=\"elementor-element elementor-element-40c894e3 elementor-widget elementor-widget-heading\" data-id=\"40c894e3\" data-element_type=\"widget\" data-widget_type=\"heading.default\">\n\t\t\t\t\t<div class=\"elementor-heading-title elementor-size-default\">O nas<\/div>\t\t\t\t<\/div>\n\t\t\t\t\t<\/div>\n\t\t<\/div>\n\t\t\t\t\t<\/div>\n\t\t<\/section>\n\t\t\t\t<section class=\"elementor-section elementor-top-section elementor-element elementor-element-19cc8e22 elementor-section-boxed elementor-section-height-default elementor-section-height-default\" data-id=\"19cc8e22\" data-element_type=\"section\" data-settings=\"{&quot;background_background&quot;:&quot;classic&quot;}\">\n\t\t\t\t\t\t<div class=\"elementor-container elementor-column-gap-default\">\n\t\t\t\t\t<div class=\"elementor-column elementor-col-100 elementor-top-column elementor-element elementor-element-1ddfabba\" data-id=\"1ddfabba\" data-element_type=\"column\">\n\t\t\t<div class=\"elementor-widget-wrap elementor-element-populated\">\n\t\t\t\t\t\t<div class=\"elementor-element elementor-element-393a086f elementor-widget elementor-widget-spacer\" data-id=\"393a086f\" data-element_type=\"widget\" data-widget_type=\"spacer.default\">\n\t\t\t\t\t\t\t<div class=\"elementor-spacer\">\n\t\t\t<div class=\"elementor-spacer-inner\"><\/div>\n\t\t<\/div>\n\t\t\t\t\t\t<\/div>\n\t\t\t\t<div class=\"elementor-element elementor-element-3e5d959f elementor-widget elementor-widget-spacer\" data-id=\"3e5d959f\" data-element_type=\"widget\" data-widget_type=\"spacer.default\">\n\t\t\t\t\t\t\t<div class=\"elementor-spacer\">\n\t\t\t<div class=\"elementor-spacer-inner\"><\/div>\n\t\t<\/div>\n\t\t\t\t\t\t<\/div>\n\t\t\t\t<div class=\"elementor-element elementor-element-683f3dcb elementor-widget elementor-widget-text-editor\" data-id=\"683f3dcb\" data-element_type=\"widget\" data-widget_type=\"text-editor.default\">\n\t\t\t\t\t\t\t\t\t<p><strong>Twoja darmowa wypo\u017cyczalnia film\u00f3w online \u2013\u00a0FreeFlix.pl<\/strong><\/p><p>Szukasz miejsca, gdzie obejrzysz film za darmo i bez obaw? Trafi\u0142e\u015b idealnie!\u00a0FreeFlix.pl\u00a0to innowacyjny serwis VOD, kt\u00f3ry gromadzi dla Ciebie og\u00f3lnodost\u0119pne filmy z legalnych \u017ar\u00f3de\u0142 w jednym, przejrzystym katalogu.<\/p><ul><li>Olbrzymia baza:\u00a0Tysi\u0105ce pe\u0142nometra\u017cowych film\u00f3w r\u00f3\u017cnych gatunk\u00f3w.<\/li><li>100% legalno\u015bci:\u00a0Wszystkie produkcje pochodz\u0105 z oficjalnych, darmowych \u017ar\u00f3de\u0142. My ich nie hostujemy \u2013 my je dla Ciebie znajdujemy i porz\u0105dkujemy.<\/li><li>Zero op\u0142at:\u00a0Ogl\u0105danie jest ca\u0142kowicie darmowe, bez konieczno\u015bci zak\u0142adania konta.<\/li><li>Wygoda u\u017cytkowania:\u00a0Intuicyjny interfejs i zaawansowane filtry u\u0142atwiaj\u0105 znalezienie idealnego tytu\u0142u na wiecz\u00f3r.<\/li><\/ul><p>\u00a0<\/p><p><br \/>Zapomnij o przeszukiwaniu dziesi\u0105tek stron. Z\u00a0FreeFlix.pl\u00a0masz \u015bwiat darmowego, legalnego kina na wyci\u0105gni\u0119cie r\u0119ki. Rozpocznij przegl\u0105danie ju\u017c teraz<\/p>\t\t\t\t\t\t\t\t<\/div>\n\t\t\t\t<div class=\"elementor-element elementor-element-32bf900e elementor-widget elementor-widget-spacer\" data-id=\"32bf900e\" data-element_type=\"widget\" data-widget_type=\"spacer.default\">\n\t\t\t\t\t\t\t<div class=\"elementor-spacer\">\n\t\t\t<div class=\"elementor-spacer-inner\"><\/div>\n\t\t<\/div>\n\t\t\t\t\t\t<\/div>\n\t\t\t\t\t<\/div>\n\t\t<\/div>\n\t\t\t\t\t<\/div>\n\t\t<\/section>\n\t\t\t\t<section class=\"elementor-section elementor-top-section elementor-element elementor-element-3b0f71be elementor-section-boxed elementor-section-height-default elementor-section-height-default\" data-id=\"3b0f71be\" data-element_type=\"section\" data-settings=\"{&quot;background_background&quot;:&quot;classic&quot;}\">\n\t\t\t\t\t\t<div class=\"elementor-container elementor-column-gap-default\">\n\t\t\t\t\t<div class=\"elementor-column elementor-col-100 elementor-top-column elementor-element elementor-element-815e5bd\" data-id=\"815e5bd\" data-element_type=\"column\">\n\t\t\t<div class=\"elementor-widget-wrap elementor-element-populated\">\n\t\t\t\t\t\t<div class=\"elementor-element elementor-element-200317b8 elementor-widget elementor-widget-heading\" data-id=\"200317b8\" data-element_type=\"widget\" data-widget_type=\"heading.default\">\n\t\t\t\t\t<h3 class=\"elementor-heading-title elementor-size-default\">Freeflix.pl to:<\/h3>\t\t\t\t<\/div>\n\t\t\t\t<div class=\"elementor-element elementor-element-4c799f92 elementor-widget elementor-widget-spacer\" data-id=\"4c799f92\" data-element_type=\"widget\" data-widget_type=\"spacer.default\">\n\t\t\t\t\t\t\t<div class=\"elementor-spacer\">\n\t\t\t<div class=\"elementor-spacer-inner\"><\/div>\n\t\t<\/div>\n\t\t\t\t\t\t<\/div>\n\t\t\t\t<div class=\"elementor-element elementor-element-2bdeddbd elementor-widget elementor-widget-progress\" data-id=\"2bdeddbd\" data-element_type=\"widget\" data-widget_type=\"progress.default\">\n\t\t\t\t\t\n\t\t<div class=\"elementor-progress-wrapper\" role=\"progressbar\" aria-valuemin=\"0\" aria-valuemax=\"100\" aria-valuenow=\"100\" aria-valuetext=\"100% (&lt;strong&gt;Legalne \u017cr\u00f3d\u0142o&lt;\/strong&gt;)\">\n\t\t\t<div class=\"elementor-progress-bar\" data-max=\"100\">\n\t\t\t\t<span class=\"elementor-progress-text\"><strong>Legalne \u017cr\u00f3d\u0142o<\/strong><\/span>\n\t\t\t\t\t\t\t\t\t<span class=\"elementor-progress-percentage\">100%<\/span>\n\t\t\t\t\t\t\t<\/div>\n\t\t<\/div>\n\t\t\t\t\t\t<\/div>\n\t\t\t\t<div class=\"elementor-element elementor-element-a1ea8ad elementor-widget elementor-widget-progress\" data-id=\"a1ea8ad\" data-element_type=\"widget\" data-widget_type=\"progress.default\">\n\t\t\t\t\t\n\t\t<div class=\"elementor-progress-wrapper\" role=\"progressbar\" aria-valuemin=\"0\" aria-valuemax=\"100\" aria-valuenow=\"100\" aria-valuetext=\"100% (Olbrzymia baza filmowa)\">\n\t\t\t<div class=\"elementor-progress-bar\" data-max=\"100\">\n\t\t\t\t<span class=\"elementor-progress-text\">Olbrzymia baza filmowa<\/span>\n\t\t\t\t\t\t\t\t\t<span class=\"elementor-progress-percentage\">100%<\/span>\n\t\t\t\t\t\t\t<\/div>\n\t\t<\/div>\n\t\t\t\t\t\t<\/div>\n\t\t\t\t<div class=\"elementor-element elementor-element-493df6ab elementor-widget elementor-widget-progress\" data-id=\"493df6ab\" data-element_type=\"widget\" data-widget_type=\"progress.default\">\n\t\t\t\t\t\n\t\t<div class=\"elementor-progress-wrapper\" role=\"progressbar\" aria-valuemin=\"0\" aria-valuemax=\"100\" aria-valuenow=\"100\" aria-valuetext=\"100% (Praktycznie zero op\u0142at)\">\n\t\t\t<div class=\"elementor-progress-bar\" data-max=\"100\">\n\t\t\t\t<span class=\"elementor-progress-text\">Praktycznie zero op\u0142at<\/span>\n\t\t\t\t\t\t\t\t\t<span class=\"elementor-progress-percentage\">100%<\/span>\n\t\t\t\t\t\t\t<\/div>\n\t\t<\/div>\n\t\t\t\t\t\t<\/div>\n\t\t\t\t<div class=\"elementor-element elementor-element-6815ceae elementor-widget elementor-widget-spacer\" data-id=\"6815ceae\" data-element_type=\"widget\" data-widget_type=\"spacer.default\">\n\t\t\t\t\t\t\t<div class=\"elementor-spacer\">\n\t\t\t<div class=\"elementor-spacer-inner\"><\/div>\n\t\t<\/div>\n\t\t\t\t\t\t<\/div>\n\t\t\t\t\t<\/div>\n\t\t<\/div>\n\t\t\t\t\t<\/div>\n\t\t<\/section>\n\t\t\t\t<\/div>\n\t\t","protected":false},"excerpt":{"rendered":"<p>freeflix.pl Ogl\u0105daj tysi\u0105ce film\u00f3w z legalnych \u017ar\u00f3de\u0142 w jednym miejscu.<\/p>\n","protected":false},"author":1,"featured_media":0,"parent":0,"menu_order":0,"comment_status":"closed","ping_status":"closed","template":"","meta":{"footnotes":""},"class_list":["post-20","page","type-page","status-publish"],"yoast_head":"<!-- This site is optimized with the Yoast SEO plugin v26.1.1 - https:\/\/yoast.com\/wordpress\/plugins\/seo\/ -->\n<title>O serwisie - Freeflix.pl - Filmy online<\/title>\n<meta name=\"robots\" content=\"index, follow, max-snippet:-1, max-image-preview:large, max-video-preview:-1\" \/>\n<link rel=\"canonical\" href=\"https:\/\/freeflix.pl\/portal\/o-serwisie\/\" \/>\n<meta property=\"og:locale\" content=\"pl_PL\" \/>\n<meta property=\"og:type\" content=\"article\" \/>\n<meta property=\"og:title\" content=\"O serwisie - Freeflix.pl - Filmy online\" \/>\n<meta property=\"og:description\" content=\"freeflix.pl Ogl\u0105daj tysi\u0105ce film\u00f3w z legalnych \u017ar\u00f3de\u0142 w jednym miejscu.\" \/>\n<meta property=\"og:url\" content=\"https:\/\/freeflix.pl\/portal\/o-serwisie\/\" \/>\n<meta property=\"og:site_name\" content=\"Freeflix.pl - Filmy online\" \/>\n<meta property=\"article:modified_time\" content=\"2025-12-22T22:13:35+00:00\" \/>\n<meta name=\"twitter:card\" content=\"summary_large_image\" \/>\n<meta name=\"twitter:label1\" content=\"Szacowany czas czytania\" \/>\n\t<meta name=\"twitter:data1\" content=\"1 minuta\" \/>\n<script type=\"application\/ld+json\" class=\"yoast-schema-graph\">{\"@context\":\"https:\/\/schema.org\",\"@graph\":[{\"@type\":\"WebPage\",\"@id\":\"https:\/\/freeflix.pl\/portal\/o-serwisie\/\",\"url\":\"https:\/\/freeflix.pl\/portal\/o-serwisie\/\",\"name\":\"O serwisie - Freeflix.pl - Filmy online\",\"isPartOf\":{\"@id\":\"https:\/\/freeflix.pl\/portal\/#website\"},\"datePublished\":\"2018-10-08T11:34:42+00:00\",\"dateModified\":\"2025-12-22T22:13:35+00:00\",\"breadcrumb\":{\"@id\":\"https:\/\/freeflix.pl\/portal\/o-serwisie\/#breadcrumb\"},\"inLanguage\":\"pl-PL\",\"potentialAction\":[{\"@type\":\"ReadAction\",\"target\":[\"https:\/\/freeflix.pl\/portal\/o-serwisie\/\"]}]},{\"@type\":\"BreadcrumbList\",\"@id\":\"https:\/\/freeflix.pl\/portal\/o-serwisie\/#breadcrumb\",\"itemListElement\":[{\"@type\":\"ListItem\",\"position\":1,\"name\":\"Strona g\u0142\u00f3wna\",\"item\":\"https:\/\/freeflix.pl\/portal\/\"},{\"@type\":\"ListItem\",\"position\":2,\"name\":\"O serwisie\"}]},{\"@type\":\"WebSite\",\"@id\":\"https:\/\/freeflix.pl\/portal\/#website\",\"url\":\"https:\/\/freeflix.pl\/portal\/\",\"name\":\"Freeflix.pl - Filmy online\",\"description\":\"Darmowe filmy online\",\"publisher\":{\"@id\":\"https:\/\/freeflix.pl\/portal\/#organization\"},\"potentialAction\":[{\"@type\":\"SearchAction\",\"target\":{\"@type\":\"EntryPoint\",\"urlTemplate\":\"https:\/\/freeflix.pl\/portal\/?s={search_term_string}\"},\"query-input\":{\"@type\":\"PropertyValueSpecification\",\"valueRequired\":true,\"valueName\":\"search_term_string\"}}],\"inLanguage\":\"pl-PL\"},{\"@type\":\"Organization\",\"@id\":\"https:\/\/freeflix.pl\/portal\/#organization\",\"name\":\"Freeflix.pl - Filmy online\",\"url\":\"https:\/\/freeflix.pl\/portal\/\",\"logo\":{\"@type\":\"ImageObject\",\"inLanguage\":\"pl-PL\",\"@id\":\"https:\/\/freeflix.pl\/portal\/#\/schema\/logo\/image\/\",\"url\":\"https:\/\/freeflix.pl\/portal\/wp-content\/uploads\/2025\/10\/freeflixlogo-1.png\",\"contentUrl\":\"https:\/\/freeflix.pl\/portal\/wp-content\/uploads\/2025\/10\/freeflixlogo-1.png\",\"width\":219,\"height\":46,\"caption\":\"Freeflix.pl - Filmy online\"},\"image\":{\"@id\":\"https:\/\/freeflix.pl\/portal\/#\/schema\/logo\/image\/\"}}]}<\/script>\n<!-- \/ Yoast SEO plugin. -->","yoast_head_json":{"title":"O serwisie - Freeflix.pl - Filmy online","robots":{"index":"index","follow":"follow","max-snippet":"max-snippet:-1","max-image-preview":"max-image-preview:large","max-video-preview":"max-video-preview:-1"},"canonical":"https:\/\/freeflix.pl\/portal\/o-serwisie\/","og_locale":"pl_PL","og_type":"article","og_title":"O serwisie - Freeflix.pl - Filmy online","og_description":"freeflix.pl Ogl\u0105daj tysi\u0105ce film\u00f3w z legalnych \u017ar\u00f3de\u0142 w jednym miejscu.","og_url":"https:\/\/freeflix.pl\/portal\/o-serwisie\/","og_site_name":"Freeflix.pl - Filmy online","article_modified_time":"2025-12-22T22:13:35+00:00","twitter_card":"summary_large_image","twitter_misc":{"Szacowany czas czytania":"1 minuta"},"schema":{"@context":"https:\/\/schema.org","@graph":[{"@type":"WebPage","@id":"https:\/\/freeflix.pl\/portal\/o-serwisie\/","url":"https:\/\/freeflix.pl\/portal\/o-serwisie\/","name":"O serwisie - Freeflix.pl - Filmy online","isPartOf":{"@id":"https:\/\/freeflix.pl\/portal\/#website"},"datePublished":"2018-10-08T11:34:42+00:00","dateModified":"2025-12-22T22:13:35+00:00","breadcrumb":{"@id":"https:\/\/freeflix.pl\/portal\/o-serwisie\/#breadcrumb"},"inLanguage":"pl-PL","potentialAction":[{"@type":"ReadAction","target":["https:\/\/freeflix.pl\/portal\/o-serwisie\/"]}]},{"@type":"BreadcrumbList","@id":"https:\/\/freeflix.pl\/portal\/o-serwisie\/#breadcrumb","itemListElement":[{"@type":"ListItem","position":1,"name":"Strona g\u0142\u00f3wna","item":"https:\/\/freeflix.pl\/portal\/"},{"@type":"ListItem","position":2,"name":"O serwisie"}]},{"@type":"WebSite","@id":"https:\/\/freeflix.pl\/portal\/#website","url":"https:\/\/freeflix.pl\/portal\/","name":"Freeflix.pl - Filmy online","description":"Darmowe filmy online","publisher":{"@id":"https:\/\/freeflix.pl\/portal\/#organization"},"potentialAction":[{"@type":"SearchAction","target":{"@type":"EntryPoint","urlTemplate":"https:\/\/freeflix.pl\/portal\/?s={search_term_string}"},"query-input":{"@type":"PropertyValueSpecification","valueRequired":true,"valueName":"search_term_string"}}],"inLanguage":"pl-PL"},{"@type":"Organization","@id":"https:\/\/freeflix.pl\/portal\/#organization","name":"Freeflix.pl - Filmy online","url":"https:\/\/freeflix.pl\/portal\/","logo":{"@type":"ImageObject","inLanguage":"pl-PL","@id":"https:\/\/freeflix.pl\/portal\/#\/schema\/logo\/image\/","url":"https:\/\/freeflix.pl\/portal\/wp-content\/uploads\/2025\/10\/freeflixlogo-1.png","contentUrl":"https:\/\/freeflix.pl\/portal\/wp-content\/uploads\/2025\/10\/freeflixlogo-1.png","width":219,"height":46,"caption":"Freeflix.pl - Filmy online"},"image":{"@id":"https:\/\/freeflix.pl\/portal\/#\/schema\/logo\/image\/"}}]}},"_links":{"self":[{"href":"https:\/\/freeflix.pl\/portal\/wp-json\/wp\/v2\/pages\/20","targetHints":{"allow":["GET"]}}],"collection":[{"href":"https:\/\/freeflix.pl\/portal\/wp-json\/wp\/v2\/pages"}],"about":[{"href":"https:\/\/freeflix.pl\/portal\/wp-json\/wp\/v2\/types\/page"}],"author":[{"embeddable":true,"href":"https:\/\/freeflix.pl\/portal\/wp-json\/wp\/v2\/users\/1"}],"replies":[{"embeddable":true,"href":"https:\/\/freeflix.pl\/portal\/wp-json\/wp\/v2\/comments?post=20"}],"version-history":[{"count":7,"href":"https:\/\/freeflix.pl\/portal\/wp-json\/wp\/v2\/pages\/20\/revisions"}],"predecessor-version":[{"id":16745,"href":"https:\/\/freeflix.pl\/portal\/wp-json\/wp\/v2\/pages\/20\/revisions\/16745"}],"wp:attachment":[{"href":"https:\/\/freeflix.pl\/portal\/wp-json\/wp\/v2\/media?parent=20"}],"curies":[{"name":"wp","href":"https:\/\/api.w.org\/{rel}","templated":true}]}}