{"id":2,"date":"2018-10-08T08:19:12","date_gmt":"2018-10-08T08:19:12","guid":{"rendered":"https:\/\/freeflix.pl\/portal\/?page_id=2"},"modified":"2025-10-15T03:17:07","modified_gmt":"2025-10-15T01:17:07","slug":"home","status":"publish","type":"page","link":"https:\/\/freeflix.pl\/portal\/","title":{"rendered":"Home"},"content":{"rendered":"\t\t<div data-elementor-type=\"wp-post\" data-elementor-id=\"2\" class=\"elementor elementor-2\">\n\t\t\t\t\t\t<section class=\"elementor-section elementor-top-section elementor-element elementor-element-e25d36d elementor-section-stretched elementor-section-height-min-height elementor-section-content-middle elementor-section-boxed elementor-section-height-default elementor-section-items-middle\" data-id=\"e25d36d\" data-element_type=\"section\" id=\"home\" data-settings=\"{&quot;stretch_section&quot;:&quot;section-stretched&quot;,&quot;background_background&quot;:&quot;video&quot;,&quot;background_video_link&quot;:&quot;https:\\\/\\\/www.youtube.com\\\/watch?v=PvQKo_EV49k&quot;,&quot;background_video_start&quot;:8,&quot;background_video_end&quot;:20}\">\n\t\t\t\t\t\t\t\t<div class=\"elementor-background-video-container elementor-hidden-mobile\" aria-hidden=\"true\">\n\t\t\t\t\t\t\t\t\t\t\t\t\t<div class=\"elementor-background-video-embed\"><\/div>\n\t\t\t\t\t\t\t\t\t\t\t\t<\/div>\n\t\t\t\t\t\t\t\t\t<div class=\"elementor-background-overlay\"><\/div>\n\t\t\t\t\t\t\t<div class=\"elementor-container elementor-column-gap-default\">\n\t\t\t\t\t<div class=\"elementor-column elementor-col-50 elementor-top-column elementor-element elementor-element-7d1465e4 animated-slow elementor-invisible\" data-id=\"7d1465e4\" data-element_type=\"column\" data-settings=\"{&quot;animation&quot;:&quot;fadeIn&quot;,&quot;animation_delay&quot;:500}\">\n\t\t\t<div class=\"elementor-widget-wrap elementor-element-populated\">\n\t\t\t\t\t\t<section class=\"elementor-section elementor-inner-section elementor-element elementor-element-602ebf3b elementor-section-boxed elementor-section-height-default elementor-section-height-default\" data-id=\"602ebf3b\" data-element_type=\"section\">\n\t\t\t\t\t\t<div class=\"elementor-container elementor-column-gap-default\">\n\t\t\t\t\t<div class=\"elementor-column elementor-col-100 elementor-inner-column elementor-element elementor-element-37b882f4\" data-id=\"37b882f4\" data-element_type=\"column\">\n\t\t\t<div class=\"elementor-widget-wrap elementor-element-populated\">\n\t\t\t\t\t\t<div class=\"elementor-element elementor-element-5bb6b69 elementor-widget elementor-widget-writing-effect-headline\" data-id=\"5bb6b69\" data-element_type=\"widget\" data-widget_type=\"writing-effect-headline.default\">\n\t\t\t\t<div class=\"elementor-widget-container\">\n\t\t\t\t\t\t\t<h2 class=\"a13ree-written-headline\" data-speed=\"82\" data-loop=\"1\">\r\n\t\t\t\t\t\t\t<span class=\"before-written\">\u015awiat film\u00f3w  Online bez op\u0142at!<br \/><\/span>\r\n\t\t\t\r\n\t\t\t            <span class=\"written-lines elementor-screen-only\">Ogl\u0105daj\nOceniaj\nKomentuj<\/span>\r\n\t\t\t\r\n\t\t\t\t\t<\/h2>\r\n\t\t\t\t\t\t<\/div>\n\t\t\t\t<\/div>\n\t\t\t\t\t<\/div>\n\t\t<\/div>\n\t\t\t\t\t<\/div>\n\t\t<\/section>\n\t\t\t\t<section class=\"elementor-section elementor-inner-section elementor-element elementor-element-4e835cec elementor-section-boxed elementor-section-height-default elementor-section-height-default\" data-id=\"4e835cec\" data-element_type=\"section\">\n\t\t\t\t\t\t<div class=\"elementor-container elementor-column-gap-default\">\n\t\t\t\t\t<div class=\"elementor-column elementor-col-50 elementor-inner-column elementor-element elementor-element-6bf50a39\" data-id=\"6bf50a39\" data-element_type=\"column\">\n\t\t\t<div class=\"elementor-widget-wrap elementor-element-populated\">\n\t\t\t\t\t\t<div class=\"elementor-element elementor-element-6a6a379e elementor-widget elementor-widget-heading\" data-id=\"6a6a379e\" data-element_type=\"widget\" data-widget_type=\"heading.default\">\n\t\t\t\t\t<div class=\"elementor-heading-title elementor-size-default\">Tysi\u0105ce film\u00f3w online, zupe\u0142nie za darmo, bez subsktypcji, bez warunk\u00f3w...<\/div>\t\t\t\t<\/div>\n\t\t\t\t\t<\/div>\n\t\t<\/div>\n\t\t\t\t<div class=\"elementor-column elementor-col-50 elementor-inner-column elementor-element elementor-element-7a2ed48\" data-id=\"7a2ed48\" data-element_type=\"column\">\n\t\t\t<div class=\"elementor-widget-wrap\">\n\t\t\t\t\t\t\t<\/div>\n\t\t<\/div>\n\t\t\t\t\t<\/div>\n\t\t<\/section>\n\t\t\t\t<div class=\"elementor-element elementor-element-5531780b elementor-widget elementor-widget-spacer\" data-id=\"5531780b\" data-element_type=\"widget\" data-widget_type=\"spacer.default\">\n\t\t\t\t\t\t\t<div class=\"elementor-spacer\">\n\t\t\t<div class=\"elementor-spacer-inner\"><\/div>\n\t\t<\/div>\n\t\t\t\t\t\t<\/div>\n\t\t\t\t<section class=\"elementor-section elementor-inner-section elementor-element elementor-element-4be6266f elementor-section-boxed elementor-section-height-default elementor-section-height-default\" data-id=\"4be6266f\" data-element_type=\"section\">\n\t\t\t\t\t\t<div class=\"elementor-container elementor-column-gap-default\">\n\t\t\t\t\t<div class=\"elementor-column elementor-col-100 elementor-inner-column elementor-element elementor-element-26f73740\" data-id=\"26f73740\" data-element_type=\"column\">\n\t\t\t<div class=\"elementor-widget-wrap elementor-element-populated\">\n\t\t\t\t\t\t<div class=\"elementor-element elementor-element-2b124425 elementor-align-left elementor-mobile-align-center elementor-widget elementor-widget-button\" data-id=\"2b124425\" data-element_type=\"widget\" data-widget_type=\"button.default\">\n\t\t\t\t\t\t\t\t\t\t<a class=\"elementor-button elementor-button-link elementor-size-md\" href=\"https:\/\/freeflix.pl\/login.php\" target=\"_blank\">\n\t\t\t\t\t\t<span class=\"elementor-button-content-wrapper\">\n\t\t\t\t\t\t\t\t\t<span class=\"elementor-button-text\">Zaloguj si\u0119<\/span>\n\t\t\t\t\t<\/span>\n\t\t\t\t\t<\/a>\n\t\t\t\t\t\t\t\t<\/div>\n\t\t\t\t\t<\/div>\n\t\t<\/div>\n\t\t\t\t\t<\/div>\n\t\t<\/section>\n\t\t\t\t\t<\/div>\n\t\t<\/div>\n\t\t\t\t<div class=\"elementor-column elementor-col-50 elementor-top-column elementor-element elementor-element-3b96fc79\" data-id=\"3b96fc79\" data-element_type=\"column\">\n\t\t\t<div class=\"elementor-widget-wrap\">\n\t\t\t\t\t\t\t<\/div>\n\t\t<\/div>\n\t\t\t\t\t<\/div>\n\t\t<\/section>\n\t\t\t\t<\/div>\n\t\t","protected":false},"excerpt":{"rendered":"<p>\u015awiat film\u00f3w Online bez op\u0142at! Ogl\u0105daj Oceniaj Komentuj Tysi\u0105ce film\u00f3w<\/p>\n","protected":false},"author":1,"featured_media":0,"parent":0,"menu_order":0,"comment_status":"closed","ping_status":"closed","template":"","meta":{"footnotes":""},"class_list":["post-2","page","type-page","status-publish"],"yoast_head":"<!-- This site is optimized with the Yoast SEO plugin v26.1.1 - https:\/\/yoast.com\/wordpress\/plugins\/seo\/ -->\n<title>Home - Freeflix.pl - Filmy online<\/title>\n<meta name=\"robots\" content=\"index, follow, max-snippet:-1, max-image-preview:large, max-video-preview:-1\" \/>\n<link rel=\"canonical\" href=\"https:\/\/freeflix.pl\/portal\/\" \/>\n<meta property=\"og:locale\" content=\"pl_PL\" \/>\n<meta property=\"og:type\" content=\"article\" \/>\n<meta property=\"og:title\" content=\"Home - Freeflix.pl - Filmy online\" \/>\n<meta property=\"og:description\" content=\"\u015awiat film\u00f3w Online bez op\u0142at! Ogl\u0105daj Oceniaj Komentuj Tysi\u0105ce film\u00f3w\" \/>\n<meta property=\"og:url\" content=\"https:\/\/freeflix.pl\/portal\/\" \/>\n<meta property=\"og:site_name\" content=\"Freeflix.pl - Filmy online\" \/>\n<meta property=\"article:modified_time\" content=\"2025-10-15T01:17:07+00:00\" \/>\n<meta name=\"twitter:card\" content=\"summary_large_image\" \/>\n<script type=\"application\/ld+json\" class=\"yoast-schema-graph\">{\"@context\":\"https:\/\/schema.org\",\"@graph\":[{\"@type\":\"WebPage\",\"@id\":\"https:\/\/freeflix.pl\/portal\/\",\"url\":\"https:\/\/freeflix.pl\/portal\/\",\"name\":\"Home - Freeflix.pl - Filmy online\",\"isPartOf\":{\"@id\":\"https:\/\/freeflix.pl\/portal\/#website\"},\"datePublished\":\"2018-10-08T08:19:12+00:00\",\"dateModified\":\"2025-10-15T01:17:07+00:00\",\"breadcrumb\":{\"@id\":\"https:\/\/freeflix.pl\/portal\/#breadcrumb\"},\"inLanguage\":\"pl-PL\",\"potentialAction\":[{\"@type\":\"ReadAction\",\"target\":[\"https:\/\/freeflix.pl\/portal\/\"]}]},{\"@type\":\"BreadcrumbList\",\"@id\":\"https:\/\/freeflix.pl\/portal\/#breadcrumb\",\"itemListElement\":[{\"@type\":\"ListItem\",\"position\":1,\"name\":\"Strona g\u0142\u00f3wna\",\"item\":\"https:\/\/freeflix.pl\/portal\/\"},{\"@type\":\"ListItem\",\"position\":2,\"name\":\"Home\"}]},{\"@type\":\"WebSite\",\"@id\":\"https:\/\/freeflix.pl\/portal\/#website\",\"url\":\"https:\/\/freeflix.pl\/portal\/\",\"name\":\"Freeflix.pl - Filmy online\",\"description\":\"Darmowe filmy online\",\"publisher\":{\"@id\":\"https:\/\/freeflix.pl\/portal\/#organization\"},\"potentialAction\":[{\"@type\":\"SearchAction\",\"target\":{\"@type\":\"EntryPoint\",\"urlTemplate\":\"https:\/\/freeflix.pl\/portal\/?s={search_term_string}\"},\"query-input\":{\"@type\":\"PropertyValueSpecification\",\"valueRequired\":true,\"valueName\":\"search_term_string\"}}],\"inLanguage\":\"pl-PL\"},{\"@type\":\"Organization\",\"@id\":\"https:\/\/freeflix.pl\/portal\/#organization\",\"name\":\"Freeflix.pl - Filmy online\",\"url\":\"https:\/\/freeflix.pl\/portal\/\",\"logo\":{\"@type\":\"ImageObject\",\"inLanguage\":\"pl-PL\",\"@id\":\"https:\/\/freeflix.pl\/portal\/#\/schema\/logo\/image\/\",\"url\":\"https:\/\/freeflix.pl\/portal\/wp-content\/uploads\/2025\/10\/freeflixlogo-1.png\",\"contentUrl\":\"https:\/\/freeflix.pl\/portal\/wp-content\/uploads\/2025\/10\/freeflixlogo-1.png\",\"width\":219,\"height\":46,\"caption\":\"Freeflix.pl - Filmy online\"},\"image\":{\"@id\":\"https:\/\/freeflix.pl\/portal\/#\/schema\/logo\/image\/\"}}]}<\/script>\n<!-- \/ Yoast SEO plugin. -->","yoast_head_json":{"title":"Home - Freeflix.pl - Filmy online","robots":{"index":"index","follow":"follow","max-snippet":"max-snippet:-1","max-image-preview":"max-image-preview:large","max-video-preview":"max-video-preview:-1"},"canonical":"https:\/\/freeflix.pl\/portal\/","og_locale":"pl_PL","og_type":"article","og_title":"Home - Freeflix.pl - Filmy online","og_description":"\u015awiat film\u00f3w Online bez op\u0142at! Ogl\u0105daj Oceniaj Komentuj Tysi\u0105ce film\u00f3w","og_url":"https:\/\/freeflix.pl\/portal\/","og_site_name":"Freeflix.pl - Filmy online","article_modified_time":"2025-10-15T01:17:07+00:00","twitter_card":"summary_large_image","schema":{"@context":"https:\/\/schema.org","@graph":[{"@type":"WebPage","@id":"https:\/\/freeflix.pl\/portal\/","url":"https:\/\/freeflix.pl\/portal\/","name":"Home - Freeflix.pl - Filmy online","isPartOf":{"@id":"https:\/\/freeflix.pl\/portal\/#website"},"datePublished":"2018-10-08T08:19:12+00:00","dateModified":"2025-10-15T01:17:07+00:00","breadcrumb":{"@id":"https:\/\/freeflix.pl\/portal\/#breadcrumb"},"inLanguage":"pl-PL","potentialAction":[{"@type":"ReadAction","target":["https:\/\/freeflix.pl\/portal\/"]}]},{"@type":"BreadcrumbList","@id":"https:\/\/freeflix.pl\/portal\/#breadcrumb","itemListElement":[{"@type":"ListItem","position":1,"name":"Strona g\u0142\u00f3wna","item":"https:\/\/freeflix.pl\/portal\/"},{"@type":"ListItem","position":2,"name":"Home"}]},{"@type":"WebSite","@id":"https:\/\/freeflix.pl\/portal\/#website","url":"https:\/\/freeflix.pl\/portal\/","name":"Freeflix.pl - Filmy online","description":"Darmowe filmy online","publisher":{"@id":"https:\/\/freeflix.pl\/portal\/#organization"},"potentialAction":[{"@type":"SearchAction","target":{"@type":"EntryPoint","urlTemplate":"https:\/\/freeflix.pl\/portal\/?s={search_term_string}"},"query-input":{"@type":"PropertyValueSpecification","valueRequired":true,"valueName":"search_term_string"}}],"inLanguage":"pl-PL"},{"@type":"Organization","@id":"https:\/\/freeflix.pl\/portal\/#organization","name":"Freeflix.pl - Filmy online","url":"https:\/\/freeflix.pl\/portal\/","logo":{"@type":"ImageObject","inLanguage":"pl-PL","@id":"https:\/\/freeflix.pl\/portal\/#\/schema\/logo\/image\/","url":"https:\/\/freeflix.pl\/portal\/wp-content\/uploads\/2025\/10\/freeflixlogo-1.png","contentUrl":"https:\/\/freeflix.pl\/portal\/wp-content\/uploads\/2025\/10\/freeflixlogo-1.png","width":219,"height":46,"caption":"Freeflix.pl - Filmy online"},"image":{"@id":"https:\/\/freeflix.pl\/portal\/#\/schema\/logo\/image\/"}}]}},"_links":{"self":[{"href":"https:\/\/freeflix.pl\/portal\/wp-json\/wp\/v2\/pages\/2","targetHints":{"allow":["GET"]}}],"collection":[{"href":"https:\/\/freeflix.pl\/portal\/wp-json\/wp\/v2\/pages"}],"about":[{"href":"https:\/\/freeflix.pl\/portal\/wp-json\/wp\/v2\/types\/page"}],"author":[{"embeddable":true,"href":"https:\/\/freeflix.pl\/portal\/wp-json\/wp\/v2\/users\/1"}],"replies":[{"embeddable":true,"href":"https:\/\/freeflix.pl\/portal\/wp-json\/wp\/v2\/comments?post=2"}],"version-history":[{"count":15,"href":"https:\/\/freeflix.pl\/portal\/wp-json\/wp\/v2\/pages\/2\/revisions"}],"predecessor-version":[{"id":12166,"href":"https:\/\/freeflix.pl\/portal\/wp-json\/wp\/v2\/pages\/2\/revisions\/12166"}],"wp:attachment":[{"href":"https:\/\/freeflix.pl\/portal\/wp-json\/wp\/v2\/media?parent=2"}],"curies":[{"name":"wp","href":"https:\/\/api.w.org\/{rel}","templated":true}]}}